{"id":1031,"date":"2023-06-17T17:33:44","date_gmt":"2023-06-17T17:33:44","guid":{"rendered":"http:\/\/susretikonacnogibeskonacnog.com\/?page_id=1031"},"modified":"2024-12-07T06:38:41","modified_gmt":"2024-12-07T06:38:41","slug":"ma-imr","status":"publish","type":"page","link":"http:\/\/susretikonacnogibeskonacnog.com\/index.php\/ma-imr\/","title":{"rendered":"MA-IMR"},"content":{"rendered":"\n<div class=\"wp-block-algori-image-video-slider-block-algori-image-video-slider dots-style-1-off-slide arrows-style-1-off-slide\" data-slick=\"{&quot;dots&quot;:true,&quot;arrows&quot;:true,&quot;autoplay&quot;:false,&quot;pauseOnFocus&quot;:false,&quot;rtl&quot;:false,&quot;vertical&quot;:false,&quot;fade&quot;:false,&quot;lazyLoad&quot;:false,&quot;centerMode&quot;:false,&quot;infinite&quot;:true,&quot;adaptiveHeight&quot;:true,&quot;speed&quot;:500,&quot;autoplaySpeed&quot;:3000,&quot;slidesToShow&quot;:1,&quot;slidesToScroll&quot;:1,&quot;rows&quot;:1,&quot;slidesPerRow&quot;:1}\"><div><figure class=\"algori-image-video-slider-slide-container\"><img src=\"http:\/\/susretikonacnogibeskonacnog.com\/wp-content\/uploads\/2023\/07\/MAIMRDenvnik1.jpg\" alt=\"\"\/><\/figure><\/div><div><figure class=\"algori-image-video-slider-slide-container\"><img src=\"http:\/\/susretikonacnogibeskonacnog.com\/wp-content\/uploads\/2023\/07\/MAIMRDenvnik2.jpg\" alt=\"\"\/><\/figure><\/div><div><figure class=\"algori-image-video-slider-slide-container\"><img src=\"http:\/\/susretikonacnogibeskonacnog.com\/wp-content\/uploads\/2023\/07\/MAIMRDenvnik3.jpg\" alt=\"\"\/><\/figure><\/div><\/div>\n\n\n\n<div class=\"wp-block-media-text alignwide is-stacked-on-mobile\" style=\"grid-template-columns:55% auto\"><figure class=\"wp-block-media-text__media\"><img loading=\"lazy\" width=\"655\" height=\"1024\" src=\"http:\/\/susretikonacnogibeskonacnog.com\/wp-content\/uploads\/2022\/06\/dizajn_4-655x1024.jpg\" alt=\"\" class=\"wp-image-740 size-full\" srcset=\"http:\/\/susretikonacnogibeskonacnog.com\/wp-content\/uploads\/2022\/06\/dizajn_4-655x1024.jpg 655w, http:\/\/susretikonacnogibeskonacnog.com\/wp-content\/uploads\/2022\/06\/dizajn_4-192x300.jpg 192w, http:\/\/susretikonacnogibeskonacnog.com\/wp-content\/uploads\/2022\/06\/dizajn_4-768x1201.jpg 768w, http:\/\/susretikonacnogibeskonacnog.com\/wp-content\/uploads\/2022\/06\/dizajn_4.jpg 850w\" sizes=\"(max-width: 655px) 100vw, 655px\" \/><\/figure><div class=\"wp-block-media-text__content\">\n<p class=\"has-large-font-size\">Iz recenzija&#8230;<\/p>\n\n\n\n<p><strong>&#8220;Ova knjiga nas vra\u0107a dubinskom razumijevanju velikih matemati\u010dkih koncepata kao smislu obrazovanja.&#8221;<\/strong><\/p>\n\n\n\n<p><strong>&#8211; \u0160ime \u0160ulji\u0107, prof.<\/strong><\/p>\n\n\n\n<p><\/p>\n\n\n\n<p><\/p>\n\n\n\n<p><\/p>\n\n\n\n<p><strong> &#8220;MA-IMR je knjiga ideja i do\u017eivljaja jer biranim primjerima iz fizike, astronomije i geometrije Martinjak izla\u017ee klju\u010dne ideje i omogu\u0107uje \u010ditatelju da ih dublje do\u017eivi.&#8221;<\/strong><\/p>\n\n\n\n<p><strong>&#8211; dr. sc. Goran Igaly<\/strong><\/p>\n\n\n\n<p><\/p>\n\n\n\n<p><\/p>\n<\/div><\/div>\n\n\n\n<p><\/p>\n\n\n\n<div class=\"wp-block-group\"><div class=\"wp-block-group__inner-container\">\n<p><a href=\"https:\/\/shop.skolskaknjiga.hr\/matematicka-analiza-in-medias-res.html\"><img loading=\"lazy\" width=\"72\" height=\"69\" src=\"http:\/\/susretikonacnogibeskonacnog.com\/wp-content\/uploads\/2021\/05\/skolskaKnjiga.jpg\" alt=\"\"> \u0160kolska knjiga<\/a> &#8211;  <a href=\"https:\/\/www.hocuknjigu.hr\/proizvodi\/knjige\/strucna-literatura\/prirodne-znanosti\/matematicka-analiza\"><img loading=\"lazy\" _moz_resizing=\"true\" width=\"67\" height=\"67\" class=\"wp-image-464\" src=\"http:\/\/susretikonacnogibeskonacnog.com\/wp-content\/uploads\/2021\/05\/hocuknjigu.png\" alt=\"\" srcset=\"http:\/\/susretikonacnogibeskonacnog.com\/wp-content\/uploads\/2021\/05\/hocuknjigu.png 200w, http:\/\/susretikonacnogibeskonacnog.com\/wp-content\/uploads\/2021\/05\/hocuknjigu-150x150.png 150w\" sizes=\"(max-width: 67px) 100vw, 67px\" \/>Ho\u0107u knjigu<\/a> &#8211; <a href=\"https:\/\/novastvarnost.hr\/\">Nova stvarnost<\/a><\/p>\n\n\n\n<p><\/p>\n\n\n\n<p><\/p>\n<\/div><\/div>\n\n\n\n<p><strong>Sadr\u017eaj<\/strong><\/p>\n\n\n\n<p>Matemati\u010dka analiza je fascinantno podru\u010dje temeljeno na intrigantnom konceptu beskona\u010dno malenih veli\u010dina. Nadaleko poznat infinitezimalni ra\u010dun spada me\u0111u najve\u0107e dosege ljudskog uma, s va\u017enim implikacijama od antike do danas.<\/p>\n\n\n\n<p>Ovdje nas autor pristupa\u010dnim, ali i poticajnim stilom, vodi in medias res funkcija realne varijable kakve se pojavljuju pri zahtjevima poput odre\u0111ivanja povr\u0161ine ili putanje gibaju\u0107ih \u010destica. Izgradnja brojeva iz Peanovih aksioma, Zenonovi paradoksi, deriviranje trigonometrijskih i drugih elementarnih funkcija razvija ma\u0161tu i o\u0161troumnost, produbljuje na\u0161e razumijevanje svijeta i di\u017ee nas prema visinama Riemannove slutnje.<\/p>\n\n\n\n<p><strong>Ivica Martinjak, Matemati\u010dka analiza in medias res<\/strong><\/p>\n\n\n\n<p>Uvez: meki<br>Broj stranica: 259<\/p>\n\n\n\n<p>10 poglavlja, 79 slika<br>Format: 11.2 x 17.5 cm<br>ISBN: 978-953-49115-1-8<\/p>\n\n\n\n<h2 class=\"has-text-align-center\"><strong>Rekli su o knjizi<\/strong><\/h2>\n\n\n\n<h2 class=\"has-text-align-center\">&#8220;Na gotovo za\u010du\u0111uju\u0107i na\u010din autor uspijeva posvetiti dovoljno pa\u017enje po\u010detnim definicijama i jednostavnim razmatranjima na elementarnim primjerima u svrhu ilustriranja op\u0107ih principa (\u2026)&#8221;<\/h2>\n\n\n\n<h2 class=\"has-text-align-center\">dr.sc. Goran Igaly<\/h2>\n\n\n\n<h2 class=\"has-text-align-center\">~<\/h2>\n\n\n\n<h2 class=\"has-text-align-center\">&#8220;Ona je putovanje od lucidnih ideja starogr\u010dkih matemati\u010dara do velikih otkri\u0107a novovjekovne matematike.&#8221;<\/h2>\n\n\n\n<h2 class=\"has-text-align-center\">\u0160ime \u0160ulji\u0107, prof.<\/h2>\n\n\n\n<h2 class=\"has-text-align-center\">~<\/h2>\n\n\n\n<h2 class=\"has-text-align-center\">&#8220;\u010citanjem knjige sam dobio mogu\u0107nost sagledati matemati\u010dku analizu kao dio jedne ve\u0107e cjeline.&#8221;<\/h2>\n\n\n\n<h2 class=\"has-text-align-center\">Petar Marke\u0161i\u0107, prof.<\/h2>\n\n\n\n<h2 class=\"has-text-align-center\">~<\/h2>\n\n\n\n<h2 class=\"has-text-align-center\">&#8220;Svako poglavlje je kao neki mali paketi\u0107 zatvoren s ma\u0161nicom (&#8230;)<br>Poruka koju bih ja izvukla iz ova knjige, sa svim njezinim razli\u010ditim idejama, od nizova, redova, derivacija, integrala\u2026 Zajedni\u010dka nit, zajedni\u010dka ideja svega toga je: problem se mo\u017ee rije\u0161iti! \u2026na puno razli\u010ditih na\u010dina.&#8221;<\/h2>\n\n\n\n<h2 class=\"has-text-align-center\">doc. dr. sc. Suzana Antunovi\u0107<\/h2>\n\n\n\n<h2 class=\"has-text-align-center\">~<\/h2>\n\n\n\n<h2 class=\"has-text-align-center\">&#8220;Tu se meni svidjela jednostavnost kojom se obja\u0161njavaju neke kompleksne stvari (&#8230;) mi mo\u017eemo zakomplicirati bilo \u0161to, al&#8217; autor ovu materiju razja\u0161njava na jedan jednostavan na\u010din, pristupa\u010dan svim ljudima.&#8221;<\/h2>\n\n\n\n<h2 class=\"has-text-align-center\">Andrija \u010culjak, prof. <\/h2>\n\n\n\n<h2 class=\"has-text-align-center\">~<\/h2>\n\n\n\n<h2 class=\"has-text-align-center\">&#8220;Autor je odu\u0161evljen matematikom i on tu svoju strast \u017eeli prenijeti svojim studentima (&#8230;)<\/h2>\n\n\n\n<h2 class=\"has-text-align-center\">\u017deljela sam vidjeti ho\u0107e li u ovoj knjizi biti odra\u017een taj njegov stil komunikacije i predavanja i ve\u0107 nakon prvih nekoliko stranica sam vidjela da to i jest tako.&#8221;<\/h2>\n\n\n\n<h2 class=\"has-text-align-center\">Mila Zovko, mag. math.<\/h2>\n\n\n\n<h2 class=\"has-text-align-center\">~<\/h2>\n\n\n\n<h2 class=\"has-text-align-center\">&#8220;Ovo je jedina knjiga o matemati\u010dkoj analizi nad kojom nisam zaplakala kad sam je prvi put otvorila. I svi \u0107e se slo\u017eiti u jednom, nije to samo zbog onog \u0161to se obja\u0161njava nego i kako\u2026 Da je bar bila napisana prije, bilo bi mi puno lak\u0161e.&#8221; <\/h2>\n\n\n\n<h2 class=\"has-text-align-center\">dr. sc. Marlena \u0106uktera\u0161<\/h2>\n\n\n\n<h2 class=\"has-text-align-center\"><strong>~<\/strong><\/h2>\n\n\n\n<h2 class=\"has-text-align-center\">&#8220;Posebnu \u010dar ovoj knjizi daju osvrti i uvidi u<br>po\u0161lost matematike i sam po\u010detak istra\u017eivanja<br>matemati\u010dke analize (&#8230;)<\/h2>\n\n\n\n<h2 class=\"has-text-align-center\">Ono \u0161to bih voljela vidjeti je da ovu knjigu<br>uzmu biv\u0161i i sada\u0161nji studenti (\u2026) vjerujem<br>da bi promijenili mi\u0161ljenje o te\u017eini kojom do\u017eivljavaju studiranje odnosno polaganje matemati\u010dke analize.&#8221;<\/h2>\n\n\n\n<h2 class=\"has-text-align-center\">izv. prof. dr. sc. Ivana  Zubac<\/h2>\n\n\n\n<h2 class=\"has-text-align-center\">~<\/h2>\n\n\n\n<h3><strong>Animacije recenzenta profesora \u0160ime \u0160ulji\u0107a<\/strong><\/h3>\n\n\n\n<h4>MA-IMR, str. 38. <a href=\"https:\/\/www.geogebra.org\/m\/ywz38ytf?fbclid=IwY2xjawFPY8dleHRuA2FlbQIxMQABHSNFvJmxPMot7RuNjgv1cXG28n7ajU8o3oNr-JK_KXnjqcX11NAW8W8Suw_aem_EqIs_4XwiMqVB9QNDhOlcA&amp;sfnsn=mo\">Prostorna krivulja<\/a><\/h4>\n\n\n\n<h4>MA-IMR, str. 48. <a href=\"https:\/\/www.geogebra.org\/m\/mzcakptm?fbclid=IwY2xjawHAymRleHRuA2FlbQIxMQABHYduHTs50tiS24r5Oxi_ezCsYxSoACmk4B8wJPGJ4TAbdtPEVwq9Phzxzg_aem_jSgd_06bM-dE3FscQVUEpw&amp;sfnsn=mo\">Adicijske formule za sinus i kosinus<\/a><\/h4>\n\n\n\n<h4>MA-IMR, str. 53 <a href=\"https:\/\/www.geogebra.org\/m\/GGjrqxzQ\">Arhimedovo odre\u0111ivanje broja \u03c0<\/a><\/h4>\n\n\n\n<h4>MA-IMR, str. 68. <a href=\"https:\/\/www.geogebra.org\/m\/v8tvzwte?fbclid=IwY2xjawFPX45leHRuA2FlbQIxMQABHbtoByhvOAbdzCX59gq9vLSM2GF5urw-ACVUubTJkf4LGKGkQ4pi6BDY0g_aem_fEr9Jqt7Jl0YkRaK7NfqUw&amp;sfnsn=mo\">Apolonijeve kru\u017enice<\/a><\/h4>\n\n\n\n<h4>MA-IMR, str. 85. <a href=\"https:\/\/www.geogebra.org\/m\/ep6ewam5?fbclid=IwY2xjawFPZMxleHRuA2FlbQIxMQABHR-NzJwft0ki32f7ncVwZs2nujZj7e-gJY1Kb4Q4RSdypEU8i9FGaMeOaw_aem_BiUt_y-bYLDYRT_gyGCP1g&amp;sfnsn=mo\">Definicija kardioide<\/a><\/h4>\n\n\n\n<h4>MA-IMR, str. 87. <a href=\"https:\/\/www.geogebra.org\/m\/y7ac8dkr?fbclid=IwY2xjawFPZp1leHRuA2FlbQIxMQABHYyZNzknLn92kKHFcMchB6O31B6lxLxim1NgbdNCgRWBFiIsD6MMgVExGg_aem_yiziLFku9ioNUL_oNOVWxg&amp;sfnsn=mo\">Arhimedova spirala<\/a><\/h4>\n\n\n\n<p>Reporta\u017ea o knjizi Matemati\u010dka analiza in medias res u RTV HB Dnevniku 16.6.2023, od 20e minute <a href=\"https:\/\/www.youtube.com\/watch?v=v7cmWYeez04\">poveznica<\/a><\/p>\n\n\n\n<figure class=\"wp-block-image size-large\"><img loading=\"lazy\" width=\"1024\" height=\"499\" src=\"http:\/\/susretikonacnogibeskonacnog.com\/wp-content\/uploads\/2023\/06\/NaslovnicaMAIMR-1024x499.jpg\" alt=\"\" class=\"wp-image-1033\" srcset=\"http:\/\/susretikonacnogibeskonacnog.com\/wp-content\/uploads\/2023\/06\/NaslovnicaMAIMR-1024x499.jpg 1024w, http:\/\/susretikonacnogibeskonacnog.com\/wp-content\/uploads\/2023\/06\/NaslovnicaMAIMR-300x146.jpg 300w, http:\/\/susretikonacnogibeskonacnog.com\/wp-content\/uploads\/2023\/06\/NaslovnicaMAIMR-768x374.jpg 768w, http:\/\/susretikonacnogibeskonacnog.com\/wp-content\/uploads\/2023\/06\/NaslovnicaMAIMR-1536x748.jpg 1536w, http:\/\/susretikonacnogibeskonacnog.com\/wp-content\/uploads\/2023\/06\/NaslovnicaMAIMR.jpg 1546w\" sizes=\"(max-width: 1024px) 100vw, 1024px\" \/><\/figure>\n","protected":false},"excerpt":{"rendered":"<p>Iz recenzija&#8230; &#8220;Ova knjiga nas vra\u0107a dubinskom razumijevanju velikih matemati\u010dkih koncepata kao smislu obrazovanja.&#8221; &#8211; \u0160ime \u0160ulji\u0107, prof. &#8220;MA-IMR je knjiga ideja i do\u017eivljaja jer biranim primjerima iz fizike, astronomije i geometrije Martinjak izla\u017ee klju\u010dne ideje i omogu\u0107uje \u010ditatelju da ih dublje do\u017eivi.&#8221; &#8211; dr. sc. Goran Igaly Sadr\u017eaj Matemati\u010dka analiza je fascinantno podru\u010dje temeljeno [&hellip;]<\/p>\n","protected":false},"author":1,"featured_media":0,"parent":0,"menu_order":1,"comment_status":"closed","ping_status":"closed","template":"","meta":{"_monsterinsights_skip_tracking":false,"_monsterinsights_sitenote_active":false,"_monsterinsights_sitenote_note":"","_monsterinsights_sitenote_category":0},"_links":{"self":[{"href":"http:\/\/susretikonacnogibeskonacnog.com\/index.php\/wp-json\/wp\/v2\/pages\/1031"}],"collection":[{"href":"http:\/\/susretikonacnogibeskonacnog.com\/index.php\/wp-json\/wp\/v2\/pages"}],"about":[{"href":"http:\/\/susretikonacnogibeskonacnog.com\/index.php\/wp-json\/wp\/v2\/types\/page"}],"author":[{"embeddable":true,"href":"http:\/\/susretikonacnogibeskonacnog.com\/index.php\/wp-json\/wp\/v2\/users\/1"}],"replies":[{"embeddable":true,"href":"http:\/\/susretikonacnogibeskonacnog.com\/index.php\/wp-json\/wp\/v2\/comments?post=1031"}],"version-history":[{"count":50,"href":"http:\/\/susretikonacnogibeskonacnog.com\/index.php\/wp-json\/wp\/v2\/pages\/1031\/revisions"}],"predecessor-version":[{"id":1387,"href":"http:\/\/susretikonacnogibeskonacnog.com\/index.php\/wp-json\/wp\/v2\/pages\/1031\/revisions\/1387"}],"wp:attachment":[{"href":"http:\/\/susretikonacnogibeskonacnog.com\/index.php\/wp-json\/wp\/v2\/media?parent=1031"}],"curies":[{"name":"wp","href":"https:\/\/api.w.org\/{rel}","templated":true}]}}