{"id":1285,"date":"2024-08-17T08:07:36","date_gmt":"2024-08-17T08:07:36","guid":{"rendered":"http:\/\/susretikonacnogibeskonacnog.com\/?page_id=1285"},"modified":"2024-09-13T08:03:04","modified_gmt":"2024-09-13T08:03:04","slug":"algebra-imr","status":"publish","type":"page","link":"http:\/\/susretikonacnogibeskonacnog.com\/index.php\/algebra-imr\/","title":{"rendered":"ALGEBRA-IMR"},"content":{"rendered":"\n<div class=\"wp-block-algori-image-video-slider-block-algori-image-video-slider dots-style-1-off-slide arrows-style-1-off-slide\" data-slick=\"{&quot;dots&quot;:true,&quot;arrows&quot;:true,&quot;autoplay&quot;:false,&quot;pauseOnFocus&quot;:false,&quot;rtl&quot;:false,&quot;vertical&quot;:false,&quot;fade&quot;:false,&quot;lazyLoad&quot;:false,&quot;centerMode&quot;:false,&quot;infinite&quot;:true,&quot;adaptiveHeight&quot;:true,&quot;speed&quot;:500,&quot;autoplaySpeed&quot;:3000,&quot;slidesToShow&quot;:1,&quot;slidesToScroll&quot;:1,&quot;rows&quot;:1,&quot;slidesPerRow&quot;:1}\"><div><figure class=\"algori-image-video-slider-slide-container\"><img src=\"http:\/\/susretikonacnogibeskonacnog.com\/wp-content\/uploads\/2024\/08\/443733919_7886700831360602_5707383767522387455_n.jpg\" alt=\"\"\/><\/figure><\/div><div><figure class=\"algori-image-video-slider-slide-container\"><img src=\"http:\/\/susretikonacnogibeskonacnog.com\/wp-content\/uploads\/2024\/09\/ALGEBRAIMRDisplay2.jpg\" alt=\"\"\/><\/figure><\/div><div><figure class=\"algori-image-video-slider-slide-container\"><img src=\"http:\/\/susretikonacnogibeskonacnog.com\/wp-content\/uploads\/2024\/09\/ALGEBRAIMRDisplay3.jpg\" alt=\"\"\/><\/figure><\/div><\/div>\n\n\n\n<div class=\"wp-block-media-text alignwide is-stacked-on-mobile\"><figure class=\"wp-block-media-text__media\"><img loading=\"lazy\" width=\"592\" height=\"886\" src=\"http:\/\/susretikonacnogibeskonacnog.com\/wp-content\/uploads\/2024\/08\/algebra_naslovnica.jpg\" alt=\"\" class=\"wp-image-1288 size-full\" srcset=\"http:\/\/susretikonacnogibeskonacnog.com\/wp-content\/uploads\/2024\/08\/algebra_naslovnica.jpg 592w, http:\/\/susretikonacnogibeskonacnog.com\/wp-content\/uploads\/2024\/08\/algebra_naslovnica-200x300.jpg 200w\" sizes=\"(max-width: 592px) 100vw, 592px\" \/><\/figure><div class=\"wp-block-media-text__content\">\n<p class=\"has-large-font-size\"><strong>Iz recenzija<\/strong><\/p>\n\n\n\n<p>&#8220;<strong>Ni\u017eu\u0107i cjeline poput filmskih scena, Martinjak prenosi \u010ditatelja u davnu pro\u0161lost i nenametljivo upozorava na \u010dinjenicu da je matematika sveprisutna, i vremenski i prostorno u cijeloj povijesti ljudske civilizacije.<\/strong>&#8221; &#8211; Goran Igaly, PMF Zagreb<\/p>\n\n\n\n<p>&#8220;<strong>Knjiga nas vodi u samu sr\u017e algebre odakle se, poput zraka sunca, \u0161iri u razli\u010ditim smjerovima matemati\u010dkog univerzuma omogu\u0107uju\u0107i nam kvalitetnije razumijevanje osnovnih ideja, svje\u017ei pogled na ve\u0107 poznate pojmove i dodatnu motivaciju za daljnja istra\u017eivanja iznimnih ljepota algebre.&#8221; <\/strong>&#8211; Suzana Antunovi\u0107, PMF Split<\/p>\n\n\n\n<p><\/p>\n<\/div><\/div>\n\n\n\n<p><img loading=\"lazy\" height=\"57\" width=\"57\" class=\"wp-image-464\" src=\"http:\/\/susretikonacnogibeskonacnog.com\/wp-content\/uploads\/2021\/05\/hocuknjigu.png\" alt=\"\" srcset=\"http:\/\/susretikonacnogibeskonacnog.com\/wp-content\/uploads\/2021\/05\/hocuknjigu.png 200w, http:\/\/susretikonacnogibeskonacnog.com\/wp-content\/uploads\/2021\/05\/hocuknjigu-150x150.png 150w\" sizes=\"(max-width: 57px) 100vw, 57px\" \/><a href=\"https:\/\/www.hocuknjigu.hr\/proizvodi\/knjige\/strucna-literatura\/prirodne-znanosti\/algebra-in-medias-res\">Ho\u0107u knjigu<\/a>   <img loading=\"lazy\" height=\"53\" width=\"54\" class=\"wp-image-463\" src=\"http:\/\/susretikonacnogibeskonacnog.com\/wp-content\/uploads\/2021\/05\/skolskaKnjiga.jpg\" alt=\"\" srcset=\"http:\/\/susretikonacnogibeskonacnog.com\/wp-content\/uploads\/2021\/05\/skolskaKnjiga.jpg 371w, http:\/\/susretikonacnogibeskonacnog.com\/wp-content\/uploads\/2021\/05\/skolskaKnjiga-300x289.jpg 300w, http:\/\/susretikonacnogibeskonacnog.com\/wp-content\/uploads\/2021\/05\/skolskaKnjiga-150x150.jpg 150w\" sizes=\"(max-width: 54px) 100vw, 54px\" \/>\u0160kolska knjiga Nova stvarnost<\/p>\n\n\n\n<p><strong>Sadr\u017eaj<\/strong><\/p>\n\n\n\n<p>Algebra je temeljna grana matematike koja je ujedno i univerzalni jezik znanosti. Usko je povezana s aritmetikom i geometrijom, dok je njeno apstraktno lice odraz fundamentalnih principa. Ovdje nas autor pristupa\u010dnim, ali i poticajnim stilom vodi in medias res sustava linearnih jednad\u017ebi, linearnih transformacija i apstraktnih algebarskih sruktura kao \u0161to su grupe, polja i vektorski prostori. Poput paralelne radnje u romanima, kroz cijelo gradivo prisutne su i matrice.<\/p>\n\n\n\n<p><strong>Ivica Martinjak, Algebra in medias res<\/strong><\/p>\n\n\n\n<p>Uvez: meki<br>Broj stranica: 241<\/p>\n\n\n\n<p>10 poglavlja, 62 slike<br>Format: 14 x 21 cm<br>ISBN: 978-953-49115-2-5<\/p>\n\n\n\n<h2 class=\"has-text-align-center\"><strong>Rekli su o knjizi <\/strong><\/h2>\n\n\n\n<h2 class=\"has-text-align-center\">&#8220;Autor pi\u0161e s puno strasti prema matematici, stalno nas podsje\u0107aju\u0107i koliko je matematika va\u017ena.\u201d<\/h2>\n\n\n\n<h2 class=\"has-text-align-center\">Melita Sambolek, prof. <\/h2>\n\n\n\n<h2 class=\"has-text-align-center\">~<\/h2>\n\n\n\n<h2 class=\"has-text-align-center\">\u201cKnjiga je metodi\u010dki napisana, tako da se mo\u017ee pratiti s matemati\u010dkog aspekta, a i ako niste matemati\u010dar knjiga \u0107e vam biti \u010ditljiva.&#8221;<\/h2>\n\n\n\n<h2 class=\"has-text-align-center\">doc. dr. sc. Suzana Antunovi\u0107<\/h2>\n\n\n\n<h2 class=\"has-text-align-center\">~<\/h2>\n\n\n\n<h2 class=\"has-text-align-center\">&#8220;Autor na precizan i pristupa\u010dan na\u010din isti\u010de ono bitno \u0161to, unato\u010d brojnim satima nastave i samostalnog rada, \u010desto ostaje neotkriveno.&#8221;<\/h2>\n\n\n\n<h2 class=\"has-text-align-center\">dr. sc. Goran Igaly<\/h2>\n\n\n\n<h2 class=\"has-text-align-center\"><strong>~<\/strong><\/h2>\n\n\n\n<h2 class=\"has-text-align-center\">\u201cTijekom \u010ditanja ove knjige, autor me ponovo osvijestio koliko matematika kreira metode podu\u010davanja i koliko ustvari oblikuje na\u0161 pogled na svijet.\u201d<\/h2>\n\n\n\n<h2 class=\"has-text-align-center\">Melita Sambolek, prof. <\/h2>\n\n\n\n<h2 class=\"has-text-align-center\">~<\/h2>\n\n\n\n<h2 class=\"has-text-align-center\">\u201cAlgebra je prekrasna grana matematike, kojoj se najvi\u0161e zamjera da je apstraktna. No, apstraktnost je ne\u0161to \u0161to nas prati od ro\u0111enja. Nisu li bajke apstraktne? Divimo se kako su neki ljudi sposobni stvoriti potpuno nove svjetove. Iz tog razloga me ova algebra odu\u0161evila.\u201d<\/h2>\n\n\n\n<h2 class=\"has-text-align-center\">doc. dr. sc. Suzana Antunovi\u0107<\/h2>\n\n\n\n<h2 class=\"has-text-align-center\">~<\/h2>\n\n\n\n<figure class=\"wp-block-image size-large\"><img loading=\"lazy\" width=\"1024\" height=\"509\" src=\"http:\/\/susretikonacnogibeskonacnog.com\/wp-content\/uploads\/2024\/05\/AlgebraIMR-korice-1024x509.png\" alt=\"\" class=\"wp-image-1243\" srcset=\"http:\/\/susretikonacnogibeskonacnog.com\/wp-content\/uploads\/2024\/05\/AlgebraIMR-korice-1024x509.png 1024w, http:\/\/susretikonacnogibeskonacnog.com\/wp-content\/uploads\/2024\/05\/AlgebraIMR-korice-300x149.png 300w, http:\/\/susretikonacnogibeskonacnog.com\/wp-content\/uploads\/2024\/05\/AlgebraIMR-korice-768x382.png 768w, http:\/\/susretikonacnogibeskonacnog.com\/wp-content\/uploads\/2024\/05\/AlgebraIMR-korice-1536x763.png 1536w, http:\/\/susretikonacnogibeskonacnog.com\/wp-content\/uploads\/2024\/05\/AlgebraIMR-korice-2048x1018.png 2048w\" sizes=\"(max-width: 1024px) 100vw, 1024px\" \/><\/figure>\n","protected":false},"excerpt":{"rendered":"<p>Iz recenzija &#8220;Ni\u017eu\u0107i cjeline poput filmskih scena, Martinjak prenosi \u010ditatelja u davnu pro\u0161lost i nenametljivo upozorava na \u010dinjenicu da je matematika sveprisutna, i vremenski i prostorno u cijeloj povijesti ljudske civilizacije.&#8221; &#8211; Goran Igaly, PMF Zagreb &#8220;Knjiga nas vodi u samu sr\u017e algebre odakle se, poput zraka sunca, \u0161iri u razli\u010ditim smjerovima matemati\u010dkog univerzuma omogu\u0107uju\u0107i [&hellip;]<\/p>\n","protected":false},"author":1,"featured_media":0,"parent":0,"menu_order":2,"comment_status":"closed","ping_status":"closed","template":"","meta":{"_monsterinsights_skip_tracking":false,"_monsterinsights_sitenote_active":false,"_monsterinsights_sitenote_note":"","_monsterinsights_sitenote_category":0},"_links":{"self":[{"href":"http:\/\/susretikonacnogibeskonacnog.com\/index.php\/wp-json\/wp\/v2\/pages\/1285"}],"collection":[{"href":"http:\/\/susretikonacnogibeskonacnog.com\/index.php\/wp-json\/wp\/v2\/pages"}],"about":[{"href":"http:\/\/susretikonacnogibeskonacnog.com\/index.php\/wp-json\/wp\/v2\/types\/page"}],"author":[{"embeddable":true,"href":"http:\/\/susretikonacnogibeskonacnog.com\/index.php\/wp-json\/wp\/v2\/users\/1"}],"replies":[{"embeddable":true,"href":"http:\/\/susretikonacnogibeskonacnog.com\/index.php\/wp-json\/wp\/v2\/comments?post=1285"}],"version-history":[{"count":22,"href":"http:\/\/susretikonacnogibeskonacnog.com\/index.php\/wp-json\/wp\/v2\/pages\/1285\/revisions"}],"predecessor-version":[{"id":1375,"href":"http:\/\/susretikonacnogibeskonacnog.com\/index.php\/wp-json\/wp\/v2\/pages\/1285\/revisions\/1375"}],"wp:attachment":[{"href":"http:\/\/susretikonacnogibeskonacnog.com\/index.php\/wp-json\/wp\/v2\/media?parent=1285"}],"curies":[{"name":"wp","href":"https:\/\/api.w.org\/{rel}","templated":true}]}}