{"id":99,"date":"2020-08-30T09:22:12","date_gmt":"2020-08-30T09:22:12","guid":{"rendered":"http:\/\/susretikonacnogibeskonacnog.com\/?page_id=99"},"modified":"2024-09-12T06:31:39","modified_gmt":"2024-09-12T06:31:39","slug":"preuzimanja","status":"publish","type":"page","link":"http:\/\/susretikonacnogibeskonacnog.com\/index.php\/preuzimanja\/","title":{"rendered":"Preuzimanja"},"content":{"rendered":"\n<div class=\"wp-block-image\"><figure class=\"alignright size-large is-resized\"><img loading=\"lazy\" src=\"http:\/\/susretikonacnogibeskonacnog.com\/wp-content\/uploads\/2020\/08\/stepenice.gif\" alt=\"\" class=\"wp-image-98\" width=\"232\" height=\"174\"\/><\/figure><\/div>\n\n\n\n<p>Igaly, G. (2024). NOVE KNJIGE: Ivica Martinjak, Matemati\u010dka analiza in medias res. <em>Matemati\u010dko fizi\u010dki list, 74<\/em> (296), 275-275 &#8211; <a href=\"https:\/\/hrcak.srce.hr\/clanak\/457921\">Download<\/a><\/p>\n\n\n\n<h2 class=\"has-text-align-center\">~<\/h2>\n\n\n\n<p><strong>ALGEBRA-IMR Sadr\u017eaj<\/strong> <a href=\"http:\/\/susretikonacnogibeskonacnog.com\/wp-content\/uploads\/2024\/08\/ALGEBRA-IMR-Sadrzaj.pdf\">Download<\/a><\/p>\n\n\n\n<p><strong>ALGEBRA-IMR Kazalo pojmova<\/strong> <a href=\"http:\/\/susretikonacnogibeskonacnog.com\/wp-content\/uploads\/2024\/08\/ALGEBRA-IMR-Kazalo-pojmova.pdf\">Download<\/a><\/p>\n\n\n\n<h2 class=\"has-text-align-center\">~<\/h2>\n\n\n\n<p><strong>Susreti kona\u010dnog i beskona\u010dnog<\/strong> &#8211; <a href=\"http:\/\/crotech.hr\/wp-content\/uploads\/2020\/08\/SKBimpress.pdf\">Impressum i sadr\u017eaj<\/a><\/p>\n\n\n\n<p><strong>Susreti kona\u010dnog i beskona\u010dnog<\/strong> &#8211; <a href=\"http:\/\/susretikonacnogibeskonacnog.com\/wp-content\/uploads\/2022\/05\/SKBprolog.pdf\">Prolog <\/a><\/p>\n\n\n\n<h2 class=\"has-text-align-center\">~<\/h2>\n\n\n\n<p><strong>Promocija na PMF-u u Splitu<\/strong> &#8211; <a href=\"http:\/\/susretikonacnogibeskonacnog.com\/wp-content\/uploads\/2024\/03\/PromocijaSKBSplit24.jpg\">Poster promocije <\/a><\/p>\n\n\n\n<p><strong>Promocija na Gra\u0111evinskom fakultetu u Zagrebu<\/strong>&#8211; <a href=\"http:\/\/susretikonacnogibeskonacnog.com\/wp-content\/uploads\/2024\/08\/Predstavljanje-knjige-MATEMATIEKA-ANALIZA-poster.pdf\">Poster promocije<\/a><\/p>\n\n\n\n<p><strong>Promocija na Sveu\u010dili\u0161tu u Mostaru <\/strong>&#8211; <a href=\"http:\/\/susretikonacnogibeskonacnog.com\/wp-content\/uploads\/2022\/11\/posterslika.png\">Poster promocije<\/a><\/p>\n\n\n\n<h2 class=\"has-text-align-center\">~<\/h2>\n\n\n\n<p><strong>Animacija Stepenice koje \u010dudesno nestaju <\/strong>&#8211; <a href=\"http:\/\/susretikonacnogibeskonacnog.com\/wp-content\/uploads\/2020\/08\/stepenice.gif\">Download <\/a><\/p>\n\n\n\n<p><strong>Animacija Pitagorin pou\u010dak<\/strong> &#8211; <a href=\"http:\/\/susretikonacnogibeskonacnog.com\/wp-content\/uploads\/2020\/09\/pitagora.gif\">Download<\/a><\/p>\n\n\n\n<h2 class=\"has-text-align-center\">~<\/h2>\n\n\n\n<p><strong>Promotivni letak<\/strong> <strong>SKB <\/strong>&#8211; <a href=\"http:\/\/susretikonacnogibeskonacnog.com\/wp-content\/uploads\/2021\/05\/SKBletak.pdf\">Download   <\/a><\/p>\n\n\n\n<p><strong>Promotivni letak MA-IMR<\/strong> &#8211; <a href=\"http:\/\/susretikonacnogibeskonacnog.com\/wp-content\/uploads\/2022\/06\/Letak-MA-IMR.pdf\">Download<\/a><\/p>\n\n\n\n<p><strong>Promotivni letak ALGEBRA-IMR<\/strong> &#8211; <a href=\"http:\/\/susretikonacnogibeskonacnog.com\/wp-content\/uploads\/2024\/08\/Letak-Algebra-IMR.pdf\">Download<\/a><\/p>\n\n\n\n<p class=\"has-text-align-center\"><a href=\"https:\/\/shop.skolskaknjiga.hr\/susreti-konacnog-i-beskonacnog.html\"><img loading=\"lazy\" width=\"371\" height=\"358\" class=\"wp-image-463\" style=\"width: 40px;\" src=\"http:\/\/susretikonacnogibeskonacnog.com\/wp-content\/uploads\/2021\/05\/skolskaKnjiga.jpg\" alt=\"\" srcset=\"http:\/\/susretikonacnogibeskonacnog.com\/wp-content\/uploads\/2021\/05\/skolskaKnjiga.jpg 371w, http:\/\/susretikonacnogibeskonacnog.com\/wp-content\/uploads\/2021\/05\/skolskaKnjiga-300x289.jpg 300w\" sizes=\"(max-width: 371px) 100vw, 371px\" \/><\/a> <a href=\"https:\/\/shop.skolskaknjiga.hr\/susreti-konacnog-i-beskonacnog.html\">\u0160kolska knjiga<\/a> &#8211; <a href=\"https:\/\/www.hocuknjigu.hr\/proizvodi\/knjige\/publicistika\/znanost-tehnologija\/susreti-konacnog-i-beskonacnog\"><img src=\"http:\/\/susretikonacnogibeskonacnog.com\/wp-content\/uploads\/2021\/05\/hocuknjigu.png\" alt=\"\" style=\"width: 40px;\"> Ho\u0107u knjigu<\/a> <a href=\"https:\/\/www.knjizara-dominovic.hr\/susreti-konacnog-i-beskonacnog-koliko-je-beskonacno-daleko-proizvod-30580\/\"><\/a>&#8211; <a href=\"https:\/\/verbum.hr\/susreti-konacnog-i-beskonacnog\"><img loading=\"lazy\" width=\"225\" height=\"225\" class=\"wp-image-631\" style=\"width: 40px;\" src=\"http:\/\/susretikonacnogibeskonacnog.com\/wp-content\/uploads\/2022\/01\/VerbumLogo.png\" alt=\"\" srcset=\"http:\/\/susretikonacnogibeskonacnog.com\/wp-content\/uploads\/2022\/01\/VerbumLogo.png 225w, http:\/\/susretikonacnogibeskonacnog.com\/wp-content\/uploads\/2022\/01\/VerbumLogo-150x150.png 150w\" sizes=\"(max-width: 225px) 100vw, 225px\" \/> Verbum<\/a><\/p>\n","protected":false},"excerpt":{"rendered":"<p>Igaly, G. (2024). NOVE KNJIGE: Ivica Martinjak, Matemati\u010dka analiza in medias res. Matemati\u010dko fizi\u010dki list, 74 (296), 275-275 &#8211; Download ~ ALGEBRA-IMR Sadr\u017eaj Download ALGEBRA-IMR Kazalo pojmova Download ~ Susreti kona\u010dnog i beskona\u010dnog &#8211; Impressum i sadr\u017eaj Susreti kona\u010dnog i beskona\u010dnog &#8211; Prolog ~ Promocija na PMF-u u Splitu &#8211; Poster promocije Promocija na Gra\u0111evinskom [&hellip;]<\/p>\n","protected":false},"author":1,"featured_media":0,"parent":0,"menu_order":4,"comment_status":"closed","ping_status":"closed","template":"","meta":{"_monsterinsights_skip_tracking":false,"_monsterinsights_sitenote_active":false,"_monsterinsights_sitenote_note":"","_monsterinsights_sitenote_category":0},"_links":{"self":[{"href":"http:\/\/susretikonacnogibeskonacnog.com\/index.php\/wp-json\/wp\/v2\/pages\/99"}],"collection":[{"href":"http:\/\/susretikonacnogibeskonacnog.com\/index.php\/wp-json\/wp\/v2\/pages"}],"about":[{"href":"http:\/\/susretikonacnogibeskonacnog.com\/index.php\/wp-json\/wp\/v2\/types\/page"}],"author":[{"embeddable":true,"href":"http:\/\/susretikonacnogibeskonacnog.com\/index.php\/wp-json\/wp\/v2\/users\/1"}],"replies":[{"embeddable":true,"href":"http:\/\/susretikonacnogibeskonacnog.com\/index.php\/wp-json\/wp\/v2\/comments?post=99"}],"version-history":[{"count":43,"href":"http:\/\/susretikonacnogibeskonacnog.com\/index.php\/wp-json\/wp\/v2\/pages\/99\/revisions"}],"predecessor-version":[{"id":1374,"href":"http:\/\/susretikonacnogibeskonacnog.com\/index.php\/wp-json\/wp\/v2\/pages\/99\/revisions\/1374"}],"wp:attachment":[{"href":"http:\/\/susretikonacnogibeskonacnog.com\/index.php\/wp-json\/wp\/v2\/media?parent=99"}],"curies":[{"name":"wp","href":"https:\/\/api.w.org\/{rel}","templated":true}]}}